{"id":36,"date":"2024-06-16T17:14:13","date_gmt":"2024-06-16T17:14:13","guid":{"rendered":"https:\/\/la-chiusa.eu\/?page_id=36"},"modified":"2024-07-27T21:01:38","modified_gmt":"2024-07-27T21:01:38","slug":"im_haus","status":"publish","type":"page","link":"https:\/\/la-chiusa.eu\/home\/im_haus","title":{"rendered":"Im Haus"},"content":{"rendered":"\n<div class=\"wp-block-group alignfull has-global-padding is-layout-constrained wp-block-group-is-layout-constrained\">\n<div class=\"wp-block-group alignwide has-global-padding is-layout-constrained wp-block-group-is-layout-constrained\">\n<div class=\"wp-block-columns is-layout-flex wp-container-core-columns-is-layout-28f84493 wp-block-columns-is-layout-flex\">\n<div class=\"wp-block-column is-layout-flow wp-block-column-is-layout-flow\">\n<h3 class=\"wp-block-heading\">Herzlich Willkommen<\/h3>\n<\/div>\n\n\n\n<div class=\"wp-block-column is-layout-flow wp-block-column-is-layout-flow\">\n<p>Willkommen in unserem Paradies.<br>Wenn wir unseren Urlaub in Montecatini verbringen, dann genie\u00dfen wir die Tage auf unserer Terrasse, schauen stundenlang in die immer wieder ver\u00e4nderte Aussicht, fotografieren die Landschaft und freuen uns auf leckeren Cappuccino in der Bar im Ort.<br>D\u00fcrfen wir Sie einladen unser Haus kennenzulernen?<\/p>\n<\/div>\n<\/div>\n<\/div>\n\n\n\n<div class=\"wp-block-group alignwide has-global-padding is-layout-constrained wp-block-group-is-layout-constrained\">\n<div class=\"wp-block-columns is-layout-flex wp-container-core-columns-is-layout-28f84493 wp-block-columns-is-layout-flex\">\n<div class=\"wp-block-column is-layout-flow wp-block-column-is-layout-flow\">\n<div class=\"wp-block-group has-global-padding is-layout-constrained wp-block-group-is-layout-constrained\">\n<figure class=\"wp-block-image size-large\"><img loading=\"lazy\" decoding=\"async\" width=\"1024\" height=\"768\" src=\"https:\/\/la-chiusa.eu\/wp-content\/uploads\/2024\/06\/Montecatini_201809_10-1024x768.jpg\" alt=\"\" class=\"wp-image-88\" srcset=\"https:\/\/la-chiusa.eu\/wp-content\/uploads\/2024\/06\/Montecatini_201809_10-1024x768.jpg 1024w, https:\/\/la-chiusa.eu\/wp-content\/uploads\/2024\/06\/Montecatini_201809_10-300x225.jpg 300w, https:\/\/la-chiusa.eu\/wp-content\/uploads\/2024\/06\/Montecatini_201809_10-768x576.jpg 768w, https:\/\/la-chiusa.eu\/wp-content\/uploads\/2024\/06\/Montecatini_201809_10-1536x1152.jpg 1536w, https:\/\/la-chiusa.eu\/wp-content\/uploads\/2024\/06\/Montecatini_201809_10-2048x1536.jpg 2048w\" sizes=\"auto, (max-width: 1024px) 100vw, 1024px\" \/><\/figure>\n\n\n\n<h4 class=\"wp-block-heading has-text-align-center\">Wohnzimmer<\/h4>\n<\/div>\n<\/div>\n\n\n\n<div class=\"wp-block-column is-layout-flow wp-block-column-is-layout-flow\">\n<div class=\"wp-block-group has-global-padding is-layout-constrained wp-block-group-is-layout-constrained\">\n<figure class=\"wp-block-image size-large\"><img loading=\"lazy\" decoding=\"async\" width=\"768\" height=\"1024\" src=\"https:\/\/la-chiusa.eu\/wp-content\/uploads\/2024\/06\/20240405_095453-768x1024.jpg\" alt=\"\" class=\"wp-image-11\" srcset=\"https:\/\/la-chiusa.eu\/wp-content\/uploads\/2024\/06\/20240405_095453-768x1024.jpg 768w, https:\/\/la-chiusa.eu\/wp-content\/uploads\/2024\/06\/20240405_095453-225x300.jpg 225w, https:\/\/la-chiusa.eu\/wp-content\/uploads\/2024\/06\/20240405_095453-1152x1536.jpg 1152w, https:\/\/la-chiusa.eu\/wp-content\/uploads\/2024\/06\/20240405_095453-1536x2048.jpg 1536w, https:\/\/la-chiusa.eu\/wp-content\/uploads\/2024\/06\/20240405_095453-scaled.jpg 1920w\" sizes=\"auto, (max-width: 768px) 100vw, 768px\" \/><\/figure>\n\n\n\n<h4 class=\"wp-block-heading has-text-align-center\">Terrasse<\/h4>\n<\/div>\n<\/div>\n\n\n\n<div class=\"wp-block-column is-layout-flow wp-block-column-is-layout-flow\">\n<div class=\"wp-block-group has-global-padding is-layout-constrained wp-block-group-is-layout-constrained\">\n<figure class=\"wp-block-image size-large\"><img loading=\"lazy\" decoding=\"async\" width=\"1024\" height=\"768\" src=\"https:\/\/la-chiusa.eu\/wp-content\/uploads\/2024\/06\/Montecatini_201809_3-1024x768.jpg\" alt=\"\" class=\"wp-image-91\" srcset=\"https:\/\/la-chiusa.eu\/wp-content\/uploads\/2024\/06\/Montecatini_201809_3-1024x768.jpg 1024w, https:\/\/la-chiusa.eu\/wp-content\/uploads\/2024\/06\/Montecatini_201809_3-300x225.jpg 300w, https:\/\/la-chiusa.eu\/wp-content\/uploads\/2024\/06\/Montecatini_201809_3-768x576.jpg 768w, https:\/\/la-chiusa.eu\/wp-content\/uploads\/2024\/06\/Montecatini_201809_3-1536x1152.jpg 1536w, https:\/\/la-chiusa.eu\/wp-content\/uploads\/2024\/06\/Montecatini_201809_3-2048x1536.jpg 2048w\" sizes=\"auto, (max-width: 1024px) 100vw, 1024px\" \/><\/figure>\n\n\n\n<h4 class=\"wp-block-heading has-text-align-center\">K\u00fcche<\/h4>\n<\/div>\n<\/div>\n<\/div>\n<\/div>\n<\/div>\n","protected":false},"excerpt":{"rendered":"<p>Herzlich Willkommen Willkommen in unserem Paradies.Wenn wir unseren Urlaub in Montecatini verbringen, dann genie\u00dfen wir die Tage auf unserer Terrasse, schauen stundenlang in die immer wieder ver\u00e4nderte Aussicht, fotografieren die Landschaft und freuen uns auf leckeren Cappuccino in der Bar im Ort.D\u00fcrfen wir Sie einladen unser Haus kennenzulernen? Wohnzimmer Terrasse K\u00fcche<\/p>\n","protected":false},"author":1,"featured_media":0,"parent":0,"menu_order":0,"comment_status":"closed","ping_status":"closed","template":"","meta":{"footnotes":""},"class_list":["post-36","page","type-page","status-publish","hentry"],"_links":{"self":[{"href":"https:\/\/la-chiusa.eu\/home\/wp-json\/wp\/v2\/pages\/36","targetHints":{"allow":["GET"]}}],"collection":[{"href":"https:\/\/la-chiusa.eu\/home\/wp-json\/wp\/v2\/pages"}],"about":[{"href":"https:\/\/la-chiusa.eu\/home\/wp-json\/wp\/v2\/types\/page"}],"author":[{"embeddable":true,"href":"https:\/\/la-chiusa.eu\/home\/wp-json\/wp\/v2\/users\/1"}],"replies":[{"embeddable":true,"href":"https:\/\/la-chiusa.eu\/home\/wp-json\/wp\/v2\/comments?post=36"}],"version-history":[{"count":6,"href":"https:\/\/la-chiusa.eu\/home\/wp-json\/wp\/v2\/pages\/36\/revisions"}],"predecessor-version":[{"id":138,"href":"https:\/\/la-chiusa.eu\/home\/wp-json\/wp\/v2\/pages\/36\/revisions\/138"}],"wp:attachment":[{"href":"https:\/\/la-chiusa.eu\/home\/wp-json\/wp\/v2\/media?parent=36"}],"curies":[{"name":"wp","href":"https:\/\/api.w.org\/{rel}","templated":true}]}}